{"id":4301,"date":"2025-09-09T14:39:40","date_gmt":"2025-09-09T12:39:40","guid":{"rendered":"https:\/\/lapousse-coworking.com\/strasbourg\/?post_type=product&#038;p=4301"},"modified":"2025-11-20T11:02:11","modified_gmt":"2025-11-20T10:02:11","slug":"lpc-stb-open-space-acces-nomade-1-mois","status":"publish","type":"product","link":"https:\/\/lapousse-coworking.com\/strasbourg\/produit\/lpc-stb-open-space-acces-nomade-1-mois\/","title":{"rendered":"LPC-STB Open space acc\u00e8s nomade 1 mois"},"content":{"rendered":"","protected":false},"excerpt":{"rendered":"<p>Tarif HT<\/p>\n<p>Usage nominatif et sur pr\u00e9sentation d&rsquo;une pi\u00e8ce d&rsquo;identit\u00e9 \u00e0 l&rsquo;accueil du coworking La Pousse.<\/p>\n","protected":false},"featured_media":4439,"template":"","meta":{"_links_to":"","_links_to_target":""},"product_brand":[],"product_cat":[26],"product_tag":[],"class_list":{"0":"post-4301","1":"product","2":"type-product","3":"status-publish","4":"has-post-thumbnail","6":"product_cat-lpc-stb","8":"first","9":"instock","10":"virtual","11":"taxable","12":"purchasable","13":"product-type-simple"},"aioseo_notices":[],"_links":{"self":[{"href":"https:\/\/lapousse-coworking.com\/strasbourg\/wp-json\/wp\/v2\/product\/4301","targetHints":{"allow":["GET"]}}],"collection":[{"href":"https:\/\/lapousse-coworking.com\/strasbourg\/wp-json\/wp\/v2\/product"}],"about":[{"href":"https:\/\/lapousse-coworking.com\/strasbourg\/wp-json\/wp\/v2\/types\/product"}],"wp:featuredmedia":[{"embeddable":true,"href":"https:\/\/lapousse-coworking.com\/strasbourg\/wp-json\/wp\/v2\/media\/4439"}],"wp:attachment":[{"href":"https:\/\/lapousse-coworking.com\/strasbourg\/wp-json\/wp\/v2\/media?parent=4301"}],"wp:term":[{"taxonomy":"product_brand","embeddable":true,"href":"https:\/\/lapousse-coworking.com\/strasbourg\/wp-json\/wp\/v2\/product_brand?post=4301"},{"taxonomy":"product_cat","embeddable":true,"href":"https:\/\/lapousse-coworking.com\/strasbourg\/wp-json\/wp\/v2\/product_cat?post=4301"},{"taxonomy":"product_tag","embeddable":true,"href":"https:\/\/lapousse-coworking.com\/strasbourg\/wp-json\/wp\/v2\/product_tag?post=4301"}],"curies":[{"name":"wp","href":"https:\/\/api.w.org\/{rel}","templated":true}]}}