{"id":2630,"date":"2022-03-30T16:15:58","date_gmt":"2022-03-30T14:15:58","guid":{"rendered":"https:\/\/lapousse-coworking.com\/clichy\/?post_type=product&#038;p=2630"},"modified":"2025-08-27T11:06:12","modified_gmt":"2025-08-27T09:06:12","slug":"lpc-cly-open-space-formule-10-passages","status":"publish","type":"product","link":"https:\/\/lapousse-coworking.com\/clichy\/produit\/lpc-cly-open-space-formule-10-passages\/","title":{"rendered":"LPC-CLY Open space Formule 10 passages"},"content":{"rendered":"","protected":false},"excerpt":{"rendered":"<p>Tarif HT<\/p>\n<p>Lors de votre r\u00e9servation, vous recevrez par mail un code promo utilisable 10 fois, uniquement sur le service open-space \u00e0 la journ\u00e9e.<br \/>\n\u00c0 chaque utilisation de ce code, un nouvel mail est envoy\u00e9 automatiquement avec le nombre d\u2019utilisation restantes. Le code promo est li\u00e9 \u00e0 l\u2019adresse mail utilis\u00e9e lors du paiement.<\/p>\n<p>Usage nominatif et sur pr\u00e9sentation d&rsquo;une pi\u00e8ce d&rsquo;identit\u00e9 \u00e0 l&rsquo;accueil du coworking La Pousse.<\/p>\n","protected":false},"featured_media":2325,"template":"","meta":{"_links_to":"","_links_to_target":""},"product_brand":[],"product_cat":[23,26],"product_tag":[],"class_list":{"0":"post-2630","1":"product","2":"type-product","3":"status-publish","4":"has-post-thumbnail","6":"product_cat-formule-10-passages","7":"product_cat-lpc-stb","9":"first","10":"instock","11":"virtual","12":"taxable","13":"purchasable","14":"product-type-simple"},"aioseo_notices":[],"_links":{"self":[{"href":"https:\/\/lapousse-coworking.com\/clichy\/wp-json\/wp\/v2\/product\/2630","targetHints":{"allow":["GET"]}}],"collection":[{"href":"https:\/\/lapousse-coworking.com\/clichy\/wp-json\/wp\/v2\/product"}],"about":[{"href":"https:\/\/lapousse-coworking.com\/clichy\/wp-json\/wp\/v2\/types\/product"}],"wp:featuredmedia":[{"embeddable":true,"href":"https:\/\/lapousse-coworking.com\/clichy\/wp-json\/wp\/v2\/media\/2325"}],"wp:attachment":[{"href":"https:\/\/lapousse-coworking.com\/clichy\/wp-json\/wp\/v2\/media?parent=2630"}],"wp:term":[{"taxonomy":"product_brand","embeddable":true,"href":"https:\/\/lapousse-coworking.com\/clichy\/wp-json\/wp\/v2\/product_brand?post=2630"},{"taxonomy":"product_cat","embeddable":true,"href":"https:\/\/lapousse-coworking.com\/clichy\/wp-json\/wp\/v2\/product_cat?post=2630"},{"taxonomy":"product_tag","embeddable":true,"href":"https:\/\/lapousse-coworking.com\/clichy\/wp-json\/wp\/v2\/product_tag?post=2630"}],"curies":[{"name":"wp","href":"https:\/\/api.w.org\/{rel}","templated":true}]}}