{"id":3910,"date":"2025-08-06T14:04:43","date_gmt":"2025-08-06T12:04:43","guid":{"rendered":"https:\/\/lapousse-coworking.com\/clichy\/?page_id=3910"},"modified":"2025-09-12T13:04:50","modified_gmt":"2025-09-12T11:04:50","slug":"devis-seminaire","status":"publish","type":"page","link":"https:\/\/lapousse-coworking.com\/clichy\/devis-seminaire\/","title":{"rendered":"Devis s\u00e9minaire"},"content":{"rendered":"[vc_row type=\u00a0\u00bbfull_width_background\u00a0\u00bb full_screen_row_position=\u00a0\u00bbmiddle\u00a0\u00bb column_margin=\u00a0\u00bbdefault\u00a0\u00bb column_direction=\u00a0\u00bbdefault\u00a0\u00bb column_direction_tablet=\u00a0\u00bbdefault\u00a0\u00bb column_direction_phone=\u00a0\u00bbdefault\u00a0\u00bb bg_color=\u00a0\u00bb#107889&Prime; scene_position=\u00a0\u00bbcenter\u00a0\u00bb top_padding=\u00a0\u00bb50&Prime; bottom_padding=\u00a0\u00bb50&Prime; text_color=\u00a0\u00bblight\u00a0\u00bb text_align=\u00a0\u00bbcenter\u00a0\u00bb row_border_radius=\u00a0\u00bbnone\u00a0\u00bb row_border_radius_applies=\u00a0\u00bbbg\u00a0\u00bb overflow=\u00a0\u00bbvisible\u00a0\u00bb overlay_strength=\u00a0\u00bb0.3&Prime; gradient_direction=\u00a0\u00bbleft_to_right\u00a0\u00bb shape_divider_position=\u00a0\u00bbbottom\u00a0\u00bb bg_image_animation=\u00a0\u00bbnone\u00a0\u00bb gradient_type=\u00a0\u00bbdefault\u00a0\u00bb shape_type=\u00a0\u00bb\u00a0\u00bb][vc_column column_padding=\u00a0\u00bbno-extra-padding\u00a0\u00bb column_padding_tablet=\u00a0\u00bbinherit\u00a0\u00bb column_padding_phone=\u00a0\u00bbinherit\u00a0\u00bb column_padding_position=\u00a0\u00bball\u00a0\u00bb column_element_direction_desktop=\u00a0\u00bbdefault\u00a0\u00bb column_element_spacing=\u00a0\u00bbdefault\u00a0\u00bb desktop_text_alignment=\u00a0\u00bbdefault\u00a0\u00bb tablet_text_alignment=\u00a0\u00bbdefault\u00a0\u00bb phone_text_alignment=\u00a0\u00bbdefault\u00a0\u00bb background_color_opacity=\u00a0\u00bb1&Prime; background_hover_color_opacity=\u00a0\u00bb1&Prime; column_backdrop_filter=\u00a0\u00bbnone\u00a0\u00bb column_shadow=\u00a0\u00bbnone\u00a0\u00bb column_border_radius=\u00a0\u00bbnone\u00a0\u00bb column_link_target=\u00a0\u00bb_self\u00a0\u00bb column_position=\u00a0\u00bbdefault\u00a0\u00bb gradient_direction=\u00a0\u00bbleft_to_right\u00a0\u00bb overlay_strength=\u00a0\u00bb0.3&Prime; width=\u00a0\u00bb1\/1&Prime; tablet_width_inherit=\u00a0\u00bbdefault\u00a0\u00bb animation_type=\u00a0\u00bbdefault\u00a0\u00bb bg_image_animation=\u00a0\u00bbnone\u00a0\u00bb border_type=\u00a0\u00bbsimple\u00a0\u00bb column_border_width=\u00a0\u00bbnone\u00a0\u00bb column_border_style=\u00a0\u00bbsolid\u00a0\u00bb][vc_column_text css=\u00a0\u00bb\u00a0\u00bb text_direction=\u00a0\u00bbdefault\u00a0\u00bb]\n<h4 style=\"text-align: center;\"><span style=\"color: #ffffff;\">Demande de devis<\/span><\/h4>\n<h1 style=\"text-align: center;\"><span style=\"color: #ffffff;\">S\u00e9minaire d&rsquo;entreprise<\/span><\/h1>\n<h2 style=\"text-align: center;\"><span style=\"color: #85c3b4;\">Clichy<\/span><\/h2>\n[\/vc_column_text][\/vc_column][\/vc_row][vc_row type=\u00a0\u00bbfull_width_background\u00a0\u00bb full_screen_row_position=\u00a0\u00bbmiddle\u00a0\u00bb column_margin=\u00a0\u00bbdefault\u00a0\u00bb column_direction=\u00a0\u00bbdefault\u00a0\u00bb column_direction_tablet=\u00a0\u00bbdefault\u00a0\u00bb column_direction_phone=\u00a0\u00bbdefault\u00a0\u00bb video_bg=\u00a0\u00bbuse_video\u00a0\u00bb video_mp4=\u00a0\u00bbhttps:\/\/lapousse-coworking.com\/clichy\/wp-content\/uploads\/2022\/01\/video_LPC.mp4&Prime; background_video_loading=\u00a0\u00bbdefault\u00a0\u00bb scene_position=\u00a0\u00bbcenter\u00a0\u00bb top_padding=\u00a0\u00bb50&Prime; bottom_padding=\u00a0\u00bb50&Prime; text_color=\u00a0\u00bblight\u00a0\u00bb text_align=\u00a0\u00bbcenter\u00a0\u00bb row_border_radius=\u00a0\u00bbnone\u00a0\u00bb row_border_radius_applies=\u00a0\u00bbbg\u00a0\u00bb overflow=\u00a0\u00bbvisible\u00a0\u00bb overlay_strength=\u00a0\u00bb0.3&Prime; gradient_direction=\u00a0\u00bbleft_to_right\u00a0\u00bb shape_divider_position=\u00a0\u00bbbottom\u00a0\u00bb bg_image_animation=\u00a0\u00bbnone\u00a0\u00bb gradient_type=\u00a0\u00bbdefault\u00a0\u00bb shape_type=\u00a0\u00bb\u00a0\u00bb][vc_column column_padding=\u00a0\u00bbno-extra-padding\u00a0\u00bb column_padding_tablet=\u00a0\u00bbinherit\u00a0\u00bb column_padding_phone=\u00a0\u00bbinherit\u00a0\u00bb column_padding_position=\u00a0\u00bball\u00a0\u00bb column_element_direction_desktop=\u00a0\u00bbdefault\u00a0\u00bb column_element_spacing=\u00a0\u00bbdefault\u00a0\u00bb desktop_text_alignment=\u00a0\u00bbdefault\u00a0\u00bb tablet_text_alignment=\u00a0\u00bbdefault\u00a0\u00bb phone_text_alignment=\u00a0\u00bbdefault\u00a0\u00bb background_color_opacity=\u00a0\u00bb1&Prime; background_hover_color_opacity=\u00a0\u00bb1&Prime; column_backdrop_filter=\u00a0\u00bbnone\u00a0\u00bb column_shadow=\u00a0\u00bbnone\u00a0\u00bb column_border_radius=\u00a0\u00bbnone\u00a0\u00bb column_link_target=\u00a0\u00bb_self\u00a0\u00bb column_position=\u00a0\u00bbdefault\u00a0\u00bb gradient_direction=\u00a0\u00bbleft_to_right\u00a0\u00bb overlay_strength=\u00a0\u00bb0.3&Prime; width=\u00a0\u00bb1\/1&Prime; tablet_width_inherit=\u00a0\u00bbdefault\u00a0\u00bb animation_type=\u00a0\u00bbdefault\u00a0\u00bb bg_image_animation=\u00a0\u00bbnone\u00a0\u00bb border_type=\u00a0\u00bbsimple\u00a0\u00bb column_border_width=\u00a0\u00bbnone\u00a0\u00bb column_border_style=\u00a0\u00bbsolid\u00a0\u00bb][divider line_type=\u00a0\u00bbNo Line\u00a0\u00bb custom_height=\u00a0\u00bb200&Prime;][\/vc_column][\/vc_row][vc_row type=\u00a0\u00bbin_container\u00a0\u00bb full_screen_row_position=\u00a0\u00bbmiddle\u00a0\u00bb column_margin=\u00a0\u00bbdefault\u00a0\u00bb column_direction=\u00a0\u00bbdefault\u00a0\u00bb column_direction_tablet=\u00a0\u00bbdefault\u00a0\u00bb column_direction_phone=\u00a0\u00bbdefault\u00a0\u00bb scene_position=\u00a0\u00bbcenter\u00a0\u00bb top_margin=\u00a0\u00bb30&Prime; bottom_margin=\u00a0\u00bb30&Prime; text_color=\u00a0\u00bbdark\u00a0\u00bb text_align=\u00a0\u00bbleft\u00a0\u00bb row_border_radius=\u00a0\u00bbnone\u00a0\u00bb row_border_radius_applies=\u00a0\u00bbbg\u00a0\u00bb overflow=\u00a0\u00bbvisible\u00a0\u00bb overlay_strength=\u00a0\u00bb0.3&Prime; gradient_direction=\u00a0\u00bbleft_to_right\u00a0\u00bb shape_divider_position=\u00a0\u00bbbottom\u00a0\u00bb bg_image_animation=\u00a0\u00bbnone\u00a0\u00bb gradient_type=\u00a0\u00bbdefault\u00a0\u00bb shape_type=\u00a0\u00bb\u00a0\u00bb][vc_column column_padding=\u00a0\u00bbno-extra-padding\u00a0\u00bb column_padding_tablet=\u00a0\u00bbinherit\u00a0\u00bb column_padding_phone=\u00a0\u00bbinherit\u00a0\u00bb column_padding_position=\u00a0\u00bball\u00a0\u00bb column_element_direction_desktop=\u00a0\u00bbdefault\u00a0\u00bb column_element_spacing=\u00a0\u00bbdefault\u00a0\u00bb desktop_text_alignment=\u00a0\u00bbdefault\u00a0\u00bb tablet_text_alignment=\u00a0\u00bbdefault\u00a0\u00bb phone_text_alignment=\u00a0\u00bbdefault\u00a0\u00bb background_color_opacity=\u00a0\u00bb1&Prime; background_hover_color_opacity=\u00a0\u00bb1&Prime; column_backdrop_filter=\u00a0\u00bbnone\u00a0\u00bb column_shadow=\u00a0\u00bbnone\u00a0\u00bb column_border_radius=\u00a0\u00bbnone\u00a0\u00bb column_link_target=\u00a0\u00bb_self\u00a0\u00bb column_position=\u00a0\u00bbdefault\u00a0\u00bb gradient_direction=\u00a0\u00bbleft_to_right\u00a0\u00bb overlay_strength=\u00a0\u00bb0.3&Prime; width=\u00a0\u00bb1\/1&Prime; tablet_width_inherit=\u00a0\u00bbdefault\u00a0\u00bb animation_type=\u00a0\u00bbdefault\u00a0\u00bb bg_image_animation=\u00a0\u00bbnone\u00a0\u00bb border_type=\u00a0\u00bbsimple\u00a0\u00bb column_border_width=\u00a0\u00bbnone\u00a0\u00bb column_border_style=\u00a0\u00bbsolid\u00a0\u00bb][vc_column_text css=\u00a0\u00bb\u00a0\u00bb text_direction=\u00a0\u00bbdefault\u00a0\u00bb]\n\t\t\t<link rel=\"stylesheet\" property=\"stylesheet\" href=\"https:\/\/lapousse-coworking.com\/clichy\/wp-content\/plugins\/happyforms\/bundles\/css\/frontend.css\" \/>\n\t\t\t\t<!-- HappyForms CSS variables -->\n\t<style>\n\t#happyforms-2018 {\n\t\t--happyforms-part-title-font-size: 16px;\n--happyforms-part-description-font-size: 14px;\n--happyforms-part-value-font-size: 16px;\n--happyforms-submit-button-font-size: 16px;\n--happyforms-color-primary: #000000;\n--happyforms-color-success-notice: #ebf9f0;\n--happyforms-color-success-notice-text: #1eb452;\n--happyforms-color-error: #fa811e;\n--happyforms-color-error-notice: #f9f0e3;\n--happyforms-color-error-notice-text: #fa811e;\n--happyforms-color-part-title: #000000;\n--happyforms-color-part-value: #107889;\n--happyforms-color-part-placeholder: #888888;\n--happyforms-color-part-description: #454545;\n--happyforms-color-part-border: #dbdbdb;\n--happyforms-color-part-border-focus: #107889;\n--happyforms-color-part-background: #ffffff;\n--happyforms-color-part-background-focus: #ffffff;\n--happyforms-color-submit-background: #fa811e;\n--happyforms-color-submit-background-hover: #a15916;\n--happyforms-color-submit-border: ;\n--happyforms-color-submit-text: #ffffff;\n--happyforms-color-submit-text-hover: #ffffff;\n--happyforms-color-table-row-odd: #fcfcfc;\n--happyforms-color-table-row-even: #efefef;\n--happyforms-color-table-row-odd-text: #000000;\n--happyforms-color-table-row-even-text: #000000;\n--happyforms-color-dropdown-item-bg: #ffffff;\n--happyforms-color-dropdown-item-text: #107889;\n--happyforms-color-dropdown-item-bg-hover: #ededed;\n--happyforms-color-dropdown-item-text-hover: #107889;\n--happyforms-color-divider-hr: #cccccc;\n--happyforms-color-choice-checkmark-bg: #ffffff;\n--happyforms-color-choice-checkmark-bg-focus: #000000;\n--happyforms-color-choice-checkmark-color: #ffffff;\n\t}\n\t<\/style>\n\t<!-- End of HappyForms CSS variables -->\n\t\t<!-- HappyForms Additional CSS -->\n\t<style data-happyforms-additional-css>\n\t\t<\/style>\n\t<!-- End of HappyForms Additional CSS -->\n\t\t\t<link rel=\"stylesheet\" type=\"text\/css\" href=\"https:\/\/lapousse-coworking.com\/clichy\/wp-content\/plugins\/happyforms\/core\/assets\/css\/no-interaction.css\">\n\t\t<div class=\"happyforms-form happyforms-styles happyforms-form--submit-button-align-center\" id=\"happyforms-2018\">\n\t\t\n\t<form action=\"\" id=\"happyforms-form-2018\" method=\"post\" novalidate=\"true\" autocomplete=\"off\">\n\t\t\t\t<input type=\"hidden\" name=\"happyforms_random_seed\" value=\"2145756093\" \/>\n\t\t\n\t\t\t<input type=\"hidden\" name=\"action\" value=\"happyforms_message\">\n\t\t\t\t<input type=\"hidden\" name=\"client_referer\" value=\"\">\n\t\t\t\t<input type=\"hidden\" name=\"current_post_id\" value=\"\">\n\t\t\t\t<input type=\"hidden\" name=\"happyforms_form_id\" value=\"2018\" \/>\n\t\t\t\t<input type=\"hidden\" name=\"happyforms_step\" value=\"0\" \/>\n\t\n\t\t<div class=\"happyforms-flex\">\n\t\t\t\t<label for=\"2018-number\" class=\"screen-reader-text\">Leave this field blank<\/label>\n\t<input type=\"text\" id=\"2018-number\" name=\"2018-number\" style=\"display: none;\" tabindex=\"-1\" autocomplete=\"off\" aria-hidden=\"true\">\n\t\t\t\t\t\t\t\t\t\t<div class=\"happyforms-form__part happyforms-part happyforms-part--single_line_text happyforms-part--width-half happyforms-part--label-above\" id=\"happyforms-2018_single_line_text_1-part\" data-happyforms-type=\"single_line_text\" data-happyforms-id=\"single_line_text_1\" data-happyforms-required=\"\">\n\t<div class=\"happyforms-part-wrap\">\n\t\t\n\t\t\t\t\t\t<div class=\"happyforms-part__label-container\">\n\t\t\t\t<label for=\"happyforms-2018_single_line_text_1\" class=\"happyforms-part__label\">\n\t\t\t<span class=\"label\">Pr\u00e9nom<\/span>\n\t\t\t\t\t\t\t\t\t\t<span class=\"happyforms-required\"><\/span>\n\t\t\t\t\t\t\t\t\t\t<span class=\"happyforms-optional\">(optionnel)<\/span>\n\t\t\t\t\t<\/label>\n\t\t\t<\/div>\n\t\t\t\n\t\t\n\t\t<div class=\"happyforms-part__el\">\n\t\t\t\n\t\t\t\n\t\t\t<div class=\"happyforms-input\">\n\t\t\t\t\n\t\t\t\t<input id=\"happyforms-2018_single_line_text_1\" type=\"text\" name=\"2018_single_line_text_1\" value=\"\" placeholder=\"\" autocomplete=\"off\" spellcheck=\"false\"  autocorrect=\"off\" \/>\n\t\t\t\t\t\t\t<\/div>\n\n\t\t\t\n\t\t\t\n\t\t\t\t\t<\/div>\n\t<\/div>\n<\/div>\n<div class=\"happyforms-form__part happyforms-part happyforms-part--single_line_text happyforms-part--width-half happyforms-part--label-above\" id=\"happyforms-2018_single_line_text_2-part\" data-happyforms-type=\"single_line_text\" data-happyforms-id=\"single_line_text_2\" data-happyforms-required=\"\">\n\t<div class=\"happyforms-part-wrap\">\n\t\t\n\t\t\t\t\t\t<div class=\"happyforms-part__label-container\">\n\t\t\t\t<label for=\"happyforms-2018_single_line_text_2\" class=\"happyforms-part__label\">\n\t\t\t<span class=\"label\">Nom<\/span>\n\t\t\t\t\t\t\t\t\t\t<span class=\"happyforms-required\"><\/span>\n\t\t\t\t\t\t\t\t\t\t<span class=\"happyforms-optional\">(optionnel)<\/span>\n\t\t\t\t\t<\/label>\n\t\t\t<\/div>\n\t\t\t\n\t\t\n\t\t<div class=\"happyforms-part__el\">\n\t\t\t\n\t\t\t\n\t\t\t<div class=\"happyforms-input\">\n\t\t\t\t\n\t\t\t\t<input id=\"happyforms-2018_single_line_text_2\" type=\"text\" name=\"2018_single_line_text_2\" value=\"\" placeholder=\"\" autocomplete=\"off\" spellcheck=\"false\"  autocorrect=\"off\" \/>\n\t\t\t\t\t\t\t<\/div>\n\n\t\t\t\n\t\t\t\n\t\t\t\t\t<\/div>\n\t<\/div>\n<\/div>\n<div class=\"happyforms-part--with-autocomplete happyforms-form__part happyforms-part happyforms-part--email happyforms-part--width-half happyforms-part--label-above\" id=\"happyforms-2018_email_3-part\" data-happyforms-type=\"email\" data-happyforms-id=\"email_3\" data-happyforms-required=\"\">\n\t\t<div class=\"happyforms-part-wrap\">\n\t\t\t\t\t\t<div class=\"happyforms-part__label-container\">\n\t\t\t\t<label for=\"happyforms-2018_email_3\" class=\"happyforms-part__label\">\n\t\t\t<span class=\"label\">E-mail<\/span>\n\t\t\t\t\t\t\t\t\t\t<span class=\"happyforms-required\"><\/span>\n\t\t\t\t\t\t\t\t\t\t<span class=\"happyforms-optional\">(optionnel)<\/span>\n\t\t\t\t\t<\/label>\n\t\t\t<\/div>\n\t\t\t\n\t\t\n\t\t<div class=\"happyforms-part__el\">\n\t\t\t\n\t\t\t\n\t\t\t<div class=\"happyforms-input\">\n\t\t\t\t<input type=\"email\" name=\"2018_email_3\" id=\"happyforms-2018_email_3\" value=\"\" placeholder=\"\" autocomplete=\"off\" spellcheck=\"false\"  autocorrect=\"off\" \/>\n\t\t\t\t\t\t\t<\/div>\n\n\t\t\t\n\t\t\t\n\t\t\t\t\t<\/div>\n\t<\/div>\n<\/div>\n<div class=\"happyforms-form__part happyforms-part happyforms-part--single_line_text happyforms-part--width-half happyforms-part--label-above\" id=\"happyforms-2018_single_line_text_4-part\" data-happyforms-type=\"single_line_text\" data-happyforms-id=\"single_line_text_4\" data-happyforms-required=\"\">\n\t<div class=\"happyforms-part-wrap\">\n\t\t\n\t\t\t\t\t\t<div class=\"happyforms-part__label-container\">\n\t\t\t\t<label for=\"happyforms-2018_single_line_text_4\" class=\"happyforms-part__label\">\n\t\t\t<span class=\"label\">T\u00e9l\u00e9phone<\/span>\n\t\t\t\t\t\t\t\t\t\t<span class=\"happyforms-required\"><\/span>\n\t\t\t\t\t\t\t\t\t\t<span class=\"happyforms-optional\">(optionnel)<\/span>\n\t\t\t\t\t<\/label>\n\t\t\t<\/div>\n\t\t\t\n\t\t\n\t\t<div class=\"happyforms-part__el\">\n\t\t\t\n\t\t\t\n\t\t\t<div class=\"happyforms-input\">\n\t\t\t\t\n\t\t\t\t<input id=\"happyforms-2018_single_line_text_4\" type=\"text\" name=\"2018_single_line_text_4\" value=\"\" placeholder=\"\" autocomplete=\"off\" spellcheck=\"false\"  autocorrect=\"off\" \/>\n\t\t\t\t\t\t\t<\/div>\n\n\t\t\t\n\t\t\t\n\t\t\t\t\t<\/div>\n\t<\/div>\n<\/div>\n<div class=\"happyforms-form__part happyforms-part happyforms-part--single_line_text happyforms-part--width-half happyforms-part--label-above\" id=\"happyforms-2018_single_line_text_5-part\" data-happyforms-type=\"single_line_text\" data-happyforms-id=\"single_line_text_5\">\n\t<div class=\"happyforms-part-wrap\">\n\t\t\n\t\t\t\t\t\t<div class=\"happyforms-part__label-container\">\n\t\t\t\t<label for=\"happyforms-2018_single_line_text_5\" class=\"happyforms-part__label\">\n\t\t\t<span class=\"label\">Nom de l&#039;entreprise<\/span>\n\t\t\t\t\t\t\t\t\t\t<span class=\"happyforms-required\"><\/span>\n\t\t\t\t\t\t\t\t\t\t<span class=\"happyforms-optional\">(optionnel)<\/span>\n\t\t\t\t\t<\/label>\n\t\t\t<\/div>\n\t\t\t\n\t\t\n\t\t<div class=\"happyforms-part__el\">\n\t\t\t\n\t\t\t\n\t\t\t<div class=\"happyforms-input\">\n\t\t\t\t\n\t\t\t\t<input id=\"happyforms-2018_single_line_text_5\" type=\"text\" name=\"2018_single_line_text_5\" value=\"\" placeholder=\"\" autocomplete=\"off\" spellcheck=\"false\"  autocorrect=\"off\" \/>\n\t\t\t\t\t\t\t<\/div>\n\n\t\t\t\n\t\t\t\n\t\t\t\t\t<\/div>\n\t<\/div>\n<\/div>\n<div class=\"happyforms-part--filled happyforms-form__part happyforms-part happyforms-part--single_line_text happyforms-part--width-full happyforms-part--label-hidden\" id=\"happyforms-2018_single_line_text_9-part\" data-happyforms-type=\"single_line_text\" data-happyforms-id=\"single_line_text_9\" data-happyforms-required=\"\">\n\t<div class=\"happyforms-part-wrap\">\n\t\t\n\t\t\t\t\t\t<div class=\"happyforms-part__label-container\">\n\t\t\t<\/div>\n\t\t\t\n\t\t\n\t\t<div class=\"happyforms-part__el\">\n\t\t\t\n\t\t\t\n\t\t\t<div class=\"happyforms-input\">\n\t\t\t\t\n\t\t\t\t<input id=\"happyforms-2018_single_line_text_9\" type=\"text\" name=\"2018_single_line_text_9\" value=\"Demande de devis\" placeholder=\"\" autocomplete=\"off\" spellcheck=\"false\"  autocorrect=\"off\" \/>\n\t\t\t\t\t\t\t<\/div>\n\n\t\t\t\n\t\t\t\n\t\t\t\t\t<\/div>\n\t<\/div>\n<\/div>\n<div class=\"happyforms-part-select--required happyforms-form__part happyforms-part happyforms-part--select happyforms-part--width-full happyforms-part--label-above\" id=\"happyforms-2018_select_6-part\" data-happyforms-type=\"select\" data-happyforms-id=\"select_6\" data-happyforms-required=\"\">\n\t<div class=\"happyforms-part-wrap\">\n\t\t\t<div class=\"happyforms-part__label-container\">\n\t\t\t\t<label for=\"happyforms-2018_select_6\" class=\"happyforms-part__label\">\n\t\t\t<span class=\"label\">Salle de r\u00e9union<\/span>\n\t\t\t\t\t\t\t\t\t\t<span class=\"happyforms-required\"><\/span>\n\t\t\t\t\t\t\t\t\t\t<span class=\"happyforms-optional\">(optionnel)<\/span>\n\t\t\t\t\t<\/label>\n\t\t\t<\/div>\n\t\n\t\t\n\t\t\t\t<div class=\"happyforms-part__el\">\n\t\t\t\t\t\t<div class=\"happyforms-custom-select\">\n\t\t\t\t<div class=\"happyforms-part__select-wrap\">\n\t\t\t\t\t\t\t\t\t\t<select name=\"2018_select_6\" data-serialize class='happyforms-select' required>\n\t\t\t\t\t\t\t<option disabled hidden  selected value='' class=\"happyforms-placeholder-option\">Choisissez l'objet de votre demande<\/option>\n\t\t\t\t\t\t\t\t\t\t\t\t\t\t\t\t\t\t\t\t\t\t\t\t\t<option value=\"0\"   id=\"select_6_option_1617797466415\">S\u00e9minaire <\/option>\n\t\t\t\t\t\t\t\t\t\t\t\t\t\t\t\t\t\t\t<option value=\"1\"   id=\"select_6_option_1617797475318\">Journ\u00e9e d&#039;\u00e9tude <\/option>\n\t\t\t\t\t\t\t\t\t\t\t\t\t\t\t\t\t\t\t\t\t\t\t<\/select>\n\t\t\t\t<\/div>\n\t\t\t<\/div>\n\n\t\t\t\n\t\t\t\n\t\t<\/div>\n\t<\/div>\n<\/div>\n<div class=\"happyforms-form__part happyforms-part happyforms-part--number happyforms-part--width-full happyforms-part--label-show\" id=\"happyforms-2018_number_10-part\" data-happyforms-type=\"number\" data-happyforms-id=\"number_10\" data-happyforms-required=\"\">\n\t<div class=\"happyforms-part-wrap\">\n\t\t\n\t\t\t\t\t\t<div class=\"happyforms-part__label-container\">\n\t\t\t\t<label for=\"happyforms-2018_number_10\" class=\"happyforms-part__label\">\n\t\t\t<span class=\"label\">Nombre de personnes<\/span>\n\t\t\t\t\t\t\t\t\t\t<span class=\"happyforms-required\"><\/span>\n\t\t\t\t\t\t\t\t\t\t<span class=\"happyforms-optional\">(optionnel)<\/span>\n\t\t\t\t\t<\/label>\n\t\t\t<\/div>\n\t\t\t\n\t\t\n\t\t<div class=\"happyforms-part__el\">\n\t\t\t\n\t\t\t\n\t\t\t<div class=\"happyforms-input\">\n\t\t\t\t\t\t\t\t<input id=\"happyforms-2018_number_10\" type=\"number\" value=\"\" name=\"2018_number_10\" placeholder=\"\" min=\"6\" max=\"14\" step=\"1\" autocomplete=\"off\" spellcheck=\"false\" \/>\n\t\t\t\t\t\t\t<\/div>\n\n\t\t\t\n\t\t\t\n\t\t\t\t\t<\/div>\n\t<\/div>\n<\/div>\n<div class=\"happyforms-form__part happyforms-part happyforms-part--multi_line_text happyforms-part--width-full happyforms-part--label-above\" id=\"happyforms-2018_multi_line_text_7-part\" data-happyforms-type=\"multi_line_text\" data-happyforms-id=\"multi_line_text_7\">\n\t<div class=\"happyforms-part-wrap\">\n\t\t\t\t\t\t<div class=\"happyforms-part__label-container\">\n\t\t\t\t<label for=\"happyforms-2018_multi_line_text_7\" class=\"happyforms-part__label\">\n\t\t\t<span class=\"label\">Commentaires<\/span>\n\t\t\t\t\t\t\t\t\t\t<span class=\"happyforms-required\"><\/span>\n\t\t\t\t\t\t\t\t\t\t<span class=\"happyforms-optional\">(optionnel)<\/span>\n\t\t\t\t\t<\/label>\n\t\t\t<\/div>\n\t\t\t\n\t\t<span class=\"happyforms-part__description\">Vous pouvez pr\u00e9cisez \u00e0 quelle date vous voulez commencer \u00e0 louer la salle de r\u00e9union<\/span>\n\t\t<div class=\"happyforms-part__el\">\n\t\t\t\n\t\t\t\t\t\t<textarea id=\"happyforms-2018_multi_line_text_7\" name=\"2018_multi_line_text_7\" rows=\"5\" placeholder=\"\" autocomplete=\"off\" spellcheck=\"false\" autocorrect=\"off\" ><\/textarea>\n\t\t\t\n\t\t\t\n\t\t\t\t\t<\/div>\n\t<\/div>\n<\/div>\n\t\t\t\t\t\t<div class=\"happyforms-form__part happyforms-part happyforms-part--submit\">\n\t\t<button type=\"submit\" class=\"happyforms-submit happyforms-button--submit \">Envoyer<\/button>\n\t<\/div>\t\t<\/div>\n\n\t\t\t<\/form>\n\n\t<\/div>\n\n[\/vc_column_text][\/vc_column][\/vc_row]\n","protected":false},"excerpt":{"rendered":"<p>[vc_row type=\u00a0\u00bbfull_width_background\u00a0\u00bb full_screen_row_position=\u00a0\u00bbmiddle\u00a0\u00bb column_margin=\u00a0\u00bbdefault\u00a0\u00bb column_direction=\u00a0\u00bbdefault\u00a0\u00bb column_direction_tablet=\u00a0\u00bbdefault\u00a0\u00bb column_direction_phone=\u00a0\u00bbdefault\u00a0\u00bb bg_color=\u00a0\u00bb#107889&Prime; scene_position=\u00a0\u00bbcenter\u00a0\u00bb top_padding=\u00a0\u00bb50&Prime; bottom_padding=\u00a0\u00bb50&Prime; text_color=\u00a0\u00bblight\u00a0\u00bb text_align=\u00a0\u00bbcenter\u00a0\u00bb row_border_radius=\u00a0\u00bbnone\u00a0\u00bb row_border_radius_applies=\u00a0\u00bbbg\u00a0\u00bb overflow=\u00a0\u00bbvisible\u00a0\u00bb overlay_strength=\u00a0\u00bb0.3&Prime; gradient_direction=\u00a0\u00bbleft_to_right\u00a0\u00bb shape_divider_position=\u00a0\u00bbbottom\u00a0\u00bb bg_image_animation=\u00a0\u00bbnone\u00a0\u00bb gradient_type=\u00a0\u00bbdefault\u00a0\u00bb shape_type=\u00a0\u00bb\u00a0\u00bb][vc_column column_padding=\u00a0\u00bbno-extra-padding\u00a0\u00bb column_padding_tablet=\u00a0\u00bbinherit\u00a0\u00bb column_padding_phone=\u00a0\u00bbinherit\u00a0\u00bb column_padding_position=\u00a0\u00bball\u00a0\u00bb column_element_direction_desktop=\u00a0\u00bbdefault\u00a0\u00bb column_element_spacing=\u00a0\u00bbdefault\u00a0\u00bb desktop_text_alignment=\u00a0\u00bbdefault\u00a0\u00bb tablet_text_alignment=\u00a0\u00bbdefault\u00a0\u00bb&#8230;<\/p>\n","protected":false},"author":1,"featured_media":0,"parent":0,"menu_order":0,"comment_status":"closed","ping_status":"closed","template":"","meta":{"footnotes":"","_links_to":"","_links_to_target":""},"class_list":["post-3910","page","type-page","status-publish"],"aioseo_notices":[],"_links":{"self":[{"href":"https:\/\/lapousse-coworking.com\/clichy\/wp-json\/wp\/v2\/pages\/3910","targetHints":{"allow":["GET"]}}],"collection":[{"href":"https:\/\/lapousse-coworking.com\/clichy\/wp-json\/wp\/v2\/pages"}],"about":[{"href":"https:\/\/lapousse-coworking.com\/clichy\/wp-json\/wp\/v2\/types\/page"}],"author":[{"embeddable":true,"href":"https:\/\/lapousse-coworking.com\/clichy\/wp-json\/wp\/v2\/users\/1"}],"replies":[{"embeddable":true,"href":"https:\/\/lapousse-coworking.com\/clichy\/wp-json\/wp\/v2\/comments?post=3910"}],"version-history":[{"count":0,"href":"https:\/\/lapousse-coworking.com\/clichy\/wp-json\/wp\/v2\/pages\/3910\/revisions"}],"wp:attachment":[{"href":"https:\/\/lapousse-coworking.com\/clichy\/wp-json\/wp\/v2\/media?parent=3910"}],"curies":[{"name":"wp","href":"https:\/\/api.w.org\/{rel}","templated":true}]}}